{"id":1185,"date":"2023-07-17T21:46:58","date_gmt":"2023-07-18T00:46:58","guid":{"rendered":"https:\/\/atahockey.com\/?page_id=1185"},"modified":"2026-04-09T18:30:41","modified_gmt":"2026-04-09T21:30:41","slug":"quienes-somos","status":"publish","type":"page","link":"https:\/\/atahockey.com\/index.php\/quienes-somos\/","title":{"rendered":"Qui\u00e9nes Somos"},"content":{"rendered":"\t\t<div data-elementor-type=\"wp-page\" data-elementor-id=\"1185\" class=\"elementor elementor-1185\">\n\t\t\t\t\t\t<section class=\"elementor-section elementor-top-section elementor-element elementor-element-5a4972b elementor-section-boxed elementor-section-height-default elementor-section-height-default\" data-id=\"5a4972b\" data-element_type=\"section\" data-e-type=\"section\">\n\t\t\t\t\t\t<div class=\"elementor-container elementor-column-gap-default\">\n\t\t\t\t\t<div class=\"elementor-column elementor-col-100 elementor-top-column elementor-element elementor-element-790efc7\" data-id=\"790efc7\" data-element_type=\"column\" data-e-type=\"column\" data-settings=\"{&quot;background_background&quot;:&quot;classic&quot;}\">\n\t\t\t<div class=\"elementor-widget-wrap elementor-element-populated\">\n\t\t\t\t\t\t<div class=\"elementor-element elementor-element-44030e1 elementor-widget elementor-widget-text-editor\" data-id=\"44030e1\" data-element_type=\"widget\" data-e-type=\"widget\" data-widget_type=\"text-editor.default\">\n\t\t\t\t<div class=\"elementor-widget-container\">\n\t\t\t\t\t\t\t\t\t<h4 style=\"text-align: center;\"><span style=\"text-decoration: underline; color: #003366;\"><strong>FUNDACI\u00d3N Y AUTORIDADES<\/strong><\/span><\/h4>\t\t\t\t\t\t\t\t<\/div>\n\t\t\t\t<\/div>\n\t\t\t\t<div class=\"elementor-element elementor-element-91c8814 elementor-widget__width-initial elementor-widget elementor-widget-text-editor\" data-id=\"91c8814\" data-element_type=\"widget\" data-e-type=\"widget\" data-widget_type=\"text-editor.default\">\n\t\t\t\t<div class=\"elementor-widget-container\">\n\t\t\t\t\t\t\t\t\t<h6 style=\"text-align: center;\"><i>La Asociaci\u00f3n Tucumana de Hockey fue fundada en San Miguel de Tucum\u00e1n el 16 de marzo de 1972, hace ya 54 a\u00f1os.<\/i><\/h6><h6>Adem\u00e1s de organizar, acompa\u00f1ar a j\u00f3venes de la provincia y estructurar torneos anuales, contamos con equipos de seleccionados constituidos por jugadores y jugadoras de entre 11 a 35 a\u00f1os de edad, qui\u00e9nes representan a la provincia usando la &#8220;Naranja&#8221; en torneos nacionales y regionales elev\u00e1ndose en el podio a\u00f1o a a\u00f1o.<\/h6><h6 style=\"text-align: center;\"><span style=\"text-decoration: underline;\"><strong>El Consejo Directivo est\u00e1 conformado de la siguiente manera:<\/strong><\/span><\/h6><h6><span style=\"text-decoration: underline;\"><strong>Presidenta:<\/strong><\/span> Mar\u00eda Luisa SANTAMARINA<\/h6><h6><span style=\"text-decoration: underline;\"><strong>Vicepresidenta:<\/strong><\/span>\u00a0Sandra AG\u00dcERO<\/h6><h6><span style=\"text-decoration: underline;\"><strong>Secretario General:<\/strong><\/span>\u00a0Valeria MARTINEZ MARCONI<\/h6><h6><span style=\"text-decoration: underline;\"><strong>Prosecretaria:<\/strong><\/span>\u00a0Angeles PEREZ VALOY<\/h6><h6><span style=\"text-decoration: underline;\"><strong>Secretario de Actas:<\/strong><\/span>\u00a0Liliana LIENDO<\/h6><h6><strong><u>Tesorera:<\/u> Patricia ESCUDERO<\/strong><\/h6><h6><span style=\"text-decoration: underline;\"><strong>Protesorera:<\/strong><\/span>\u00a0Luc\u00eda POSSE<\/h6><h6><strong>V<u>OCALES TITULARES:<\/u><\/strong><\/h6><h6>1\u00b0 Silvina CORREA<\/h6><h6>2\u00b0 Eliana LOPEZ GONZALEZ<\/h6><h6>3\u00b0 Javier AYALA<\/h6><h6>4\u00b0\u00a0 Fernanda PACIOS<\/h6><h6>5\u00b0 Fabiana CRUZ<\/h6><h6><u><b>S\u00cdNDICO TITULAR:<\/b><\/u><\/h6><h6><span style=\"color: #000000;\"><b>Mar\u00eda DE ANGEL<\/b><\/span><\/h6>\t\t\t\t\t\t\t\t<\/div>\n\t\t\t\t<\/div>\n\t\t\t\t\t<\/div>\n\t\t<\/div>\n\t\t\t\t\t<\/div>\n\t\t<\/section>\n\t\t\t\t<section class=\"elementor-section elementor-top-section elementor-element elementor-element-ab2e100 elementor-section-boxed elementor-section-height-default elementor-section-height-default\" data-id=\"ab2e100\" data-element_type=\"section\" data-e-type=\"section\">\n\t\t\t\t\t\t<div class=\"elementor-container elementor-column-gap-default\">\n\t\t\t\t\t<div class=\"elementor-column elementor-col-100 elementor-top-column elementor-element elementor-element-9b7d29b\" data-id=\"9b7d29b\" data-element_type=\"column\" data-e-type=\"column\">\n\t\t\t<div class=\"elementor-widget-wrap elementor-element-populated\">\n\t\t\t\t\t\t\t<\/div>\n\t\t<\/div>\n\t\t\t\t\t<\/div>\n\t\t<\/section>\n\t\t\t\t<section class=\"elementor-section elementor-top-section elementor-element elementor-element-b036103 elementor-section-boxed elementor-section-height-default elementor-section-height-default\" data-id=\"b036103\" data-element_type=\"section\" data-e-type=\"section\">\n\t\t\t\t\t\t<div class=\"elementor-container elementor-column-gap-default\">\n\t\t\t\t\t<div class=\"elementor-column elementor-col-100 elementor-top-column elementor-element elementor-element-d504822\" data-id=\"d504822\" data-element_type=\"column\" data-e-type=\"column\">\n\t\t\t<div class=\"elementor-widget-wrap elementor-element-populated\">\n\t\t\t\t\t\t\t<\/div>\n\t\t<\/div>\n\t\t\t\t\t<\/div>\n\t\t<\/section>\n\t\t\t\t<\/div>\n\t\t","protected":false},"excerpt":{"rendered":"<p>FUNDACI\u00d3N Y AUTORIDADES La Asociaci\u00f3n Tucumana de Hockey fue fundada en San Miguel de Tucum\u00e1n el 16 de marzo de 1972, hace ya 54 a\u00f1os. Adem\u00e1s de organizar, acompa\u00f1ar a j\u00f3venes de la provincia y estructurar torneos anuales, contamos con equipos de seleccionados constituidos por jugadores y jugadoras de entre 11 a 35 a\u00f1os de [&hellip;]<\/p>\n","protected":false},"author":1,"featured_media":0,"parent":0,"menu_order":0,"comment_status":"closed","ping_status":"closed","template":"","meta":{"_monsterinsights_skip_tracking":false,"_monsterinsights_sitenote_active":false,"_monsterinsights_sitenote_note":"","_monsterinsights_sitenote_category":0,"site-sidebar-layout":"default","site-content-layout":"","ast-site-content-layout":"default","site-content-style":"default","site-sidebar-style":"default","ast-global-header-display":"","ast-banner-title-visibility":"","ast-main-header-display":"","ast-hfb-above-header-display":"","ast-hfb-below-header-display":"","ast-hfb-mobile-header-display":"","site-post-title":"","ast-breadcrumbs-content":"","ast-featured-img":"","footer-sml-layout":"","ast-disable-related-posts":"","theme-transparent-header-meta":"","adv-header-id-meta":"","stick-header-meta":"","header-above-stick-meta":"","header-main-stick-meta":"","header-below-stick-meta":"","astra-migrate-meta-layouts":"default","ast-page-background-enabled":"default","ast-page-background-meta":{"desktop":{"background-color":"","background-image":"","background-repeat":"repeat","background-position":"center center","background-size":"auto","background-attachment":"scroll","background-type":"","background-media":"","overlay-type":"","overlay-color":"","overlay-opacity":"","overlay-gradient":""},"tablet":{"background-color":"","background-image":"","background-repeat":"repeat","background-position":"center center","background-size":"auto","background-attachment":"scroll","background-type":"","background-media":"","overlay-type":"","overlay-color":"","overlay-opacity":"","overlay-gradient":""},"mobile":{"background-color":"","background-image":"","background-repeat":"repeat","background-position":"center center","background-size":"auto","background-attachment":"scroll","background-type":"","background-media":"","overlay-type":"","overlay-color":"","overlay-opacity":"","overlay-gradient":""}},"ast-content-background-meta":{"desktop":{"background-color":"var(--ast-global-color-5)","background-image":"","background-repeat":"repeat","background-position":"center center","background-size":"auto","background-attachment":"scroll","background-type":"","background-media":"","overlay-type":"","overlay-color":"","overlay-opacity":"","overlay-gradient":""},"tablet":{"background-color":"var(--ast-global-color-5)","background-image":"","background-repeat":"repeat","background-position":"center center","background-size":"auto","background-attachment":"scroll","background-type":"","background-media":"","overlay-type":"","overlay-color":"","overlay-opacity":"","overlay-gradient":""},"mobile":{"background-color":"var(--ast-global-color-5)","background-image":"","background-repeat":"repeat","background-position":"center center","background-size":"auto","background-attachment":"scroll","background-type":"","background-media":"","overlay-type":"","overlay-color":"","overlay-opacity":"","overlay-gradient":""}},"footnotes":""},"class_list":["post-1185","page","type-page","status-publish","hentry"],"aioseo_notices":[],"_links":{"self":[{"href":"https:\/\/atahockey.com\/index.php\/wp-json\/wp\/v2\/pages\/1185","targetHints":{"allow":["GET"]}}],"collection":[{"href":"https:\/\/atahockey.com\/index.php\/wp-json\/wp\/v2\/pages"}],"about":[{"href":"https:\/\/atahockey.com\/index.php\/wp-json\/wp\/v2\/types\/page"}],"author":[{"embeddable":true,"href":"https:\/\/atahockey.com\/index.php\/wp-json\/wp\/v2\/users\/1"}],"replies":[{"embeddable":true,"href":"https:\/\/atahockey.com\/index.php\/wp-json\/wp\/v2\/comments?post=1185"}],"version-history":[{"count":69,"href":"https:\/\/atahockey.com\/index.php\/wp-json\/wp\/v2\/pages\/1185\/revisions"}],"predecessor-version":[{"id":4064,"href":"https:\/\/atahockey.com\/index.php\/wp-json\/wp\/v2\/pages\/1185\/revisions\/4064"}],"wp:attachment":[{"href":"https:\/\/atahockey.com\/index.php\/wp-json\/wp\/v2\/media?parent=1185"}],"curies":[{"name":"wp","href":"https:\/\/api.w.org\/{rel}","templated":true}]}}